{"id":12845,"date":"2025-09-19T09:56:20","date_gmt":"2025-09-19T09:56:20","guid":{"rendered":"https:\/\/themoroccantravel.com\/aviso-legal\/"},"modified":"2025-11-20T09:43:45","modified_gmt":"2025-11-20T09:43:45","slug":"aviso-legal","status":"publish","type":"page","link":"https:\/\/themoroccantravel.com\/es\/aviso-legal\/","title":{"rendered":"Aviso legal"},"content":{"rendered":"\t\t<div data-elementor-type=\"wp-page\" data-elementor-id=\"12845\" class=\"elementor elementor-12845 elementor-9890\" data-elementor-post-type=\"page\">\n\t\t\t\t\t\t<section class=\"elementor-section elementor-top-section elementor-element elementor-element-01e0bf5 elementor-section-boxed elementor-section-height-default elementor-section-height-default\" data-id=\"01e0bf5\" data-element_type=\"section\" data-settings=\"{&quot;background_background&quot;:&quot;classic&quot;,&quot;shape_divider_bottom&quot;:&quot;wave-brush&quot;}\">\n\t\t\t\t\t\t\t<div class=\"elementor-background-overlay\"><\/div>\n\t\t\t\t\t\t<div class=\"elementor-shape elementor-shape-bottom\" aria-hidden=\"true\" data-negative=\"false\">\n\t\t\t<svg xmlns=\"http:\/\/www.w3.org\/2000\/svg\" viewBox=\"0 0 283.5 27.8\" preserveAspectRatio=\"none\">\n\t<path class=\"elementor-shape-fill\" d=\"M283.5,9.7c0,0-7.3,4.3-14,4.6c-6.8,0.3-12.6,0-20.9-1.5c-11.3-2-33.1-10.1-44.7-5.7\ts-12.1,4.6-18,7.4c-6.6,3.2-20,9.6-36.6,9.3C131.6,23.5,99.5,7.2,86.3,8c-1.4,0.1-6.6,0.8-10.5,2c-3.8,1.2-9.4,3.8-17,4.7\tc-3.2,0.4-8.3,1.1-14.2,0.9c-1.5-0.1-6.3-0.4-12-1.6c-5.7-1.2-11-3.1-15.8-3.7C6.5,9.2,0,10.8,0,10.8V0h283.5V9.7z M260.8,11.3\tc-0.7-1-2-0.4-4.3-0.4c-2.3,0-6.1-1.2-5.8-1.1c0.3,0.1,3.1,1.5,6,1.9C259.7,12.2,261.4,12.3,260.8,11.3z M242.4,8.6\tc0,0-2.4-0.2-5.6-0.9c-3.2-0.8-10.3-2.8-15.1-3.5c-8.2-1.1-15.8,0-15.1,0.1c0.8,0.1,9.6-0.6,17.6,1.1c3.3,0.7,9.3,2.2,12.4,2.7\tC239.9,8.7,242.4,8.6,242.4,8.6z M185.2,8.5c1.7-0.7-13.3,4.7-18.5,6.1c-2.1,0.6-6.2,1.6-10,2c-3.9,0.4-8.9,0.4-8.8,0.5\tc0,0.2,5.8,0.8,11.2,0c5.4-0.8,5.2-1.1,7.6-1.6C170.5,14.7,183.5,9.2,185.2,8.5z M199.1,6.9c0.2,0-0.8-0.4-4.8,1.1\tc-4,1.5-6.7,3.5-6.9,3.7c-0.2,0.1,3.5-1.8,6.6-3C197,7.5,199,6.9,199.1,6.9z M283,6c-0.1,0.1-1.9,1.1-4.8,2.5s-6.9,2.8-6.7,2.7\tc0.2,0,3.5-0.6,7.4-2.5C282.8,6.8,283.1,5.9,283,6z M31.3,11.6c0.1-0.2-1.9-0.2-4.5-1.2s-5.4-1.6-7.8-2C15,7.6,7.3,8.5,7.7,8.6\tC8,8.7,15.9,8.3,20.2,9.3c2.2,0.5,2.4,0.5,5.7,1.6S31.2,11.9,31.3,11.6z M73,9.2c0.4-0.1,3.5-1.6,8.4-2.6c4.9-1.1,8.9-0.5,8.9-0.8\tc0-0.3-1-0.9-6.2-0.3S72.6,9.3,73,9.2z M71.6,6.7C71.8,6.8,75,5.4,77.3,5c2.3-0.3,1.9-0.5,1.9-0.6c0-0.1-1.1-0.2-2.7,0.2\tC74.8,5.1,71.4,6.6,71.6,6.7z M93.6,4.4c0.1,0.2,3.5,0.8,5.6,1.8c2.1,1,1.8,0.6,1.9,0.5c0.1-0.1-0.8-0.8-2.4-1.3\tC97.1,4.8,93.5,4.2,93.6,4.4z M65.4,11.1c-0.1,0.3,0.3,0.5,1.9-0.2s2.6-1.3,2.2-1.2s-0.9,0.4-2.5,0.8C65.3,10.9,65.5,10.8,65.4,11.1\tz M34.5,12.4c-0.2,0,2.1,0.8,3.3,0.9c1.2,0.1,2,0.1,2-0.2c0-0.3-0.1-0.5-1.6-0.4C36.6,12.8,34.7,12.4,34.5,12.4z M152.2,21.1\tc-0.1,0.1-2.4-0.3-7.5-0.3c-5,0-13.6-2.4-17.2-3.5c-3.6-1.1,10,3.9,16.5,4.1C150.5,21.6,152.3,21,152.2,21.1z\"\/>\n\t<path class=\"elementor-shape-fill\" d=\"M269.6,18c-0.1-0.1-4.6,0.3-7.2,0c-7.3-0.7-17-3.2-16.6-2.9c0.4,0.3,13.7,3.1,17,3.3\tC267.7,18.8,269.7,18,269.6,18z\"\/>\n\t<path class=\"elementor-shape-fill\" d=\"M227.4,9.8c-0.2-0.1-4.5-1-9.5-1.2c-5-0.2-12.7,0.6-12.3,0.5c0.3-0.1,5.9-1.8,13.3-1.2\tS227.6,9.9,227.4,9.8z\"\/>\n\t<path class=\"elementor-shape-fill\" d=\"M204.5,13.4c-0.1-0.1,2-1,3.2-1.1c1.2-0.1,2,0,2,0.3c0,0.3-0.1,0.5-1.6,0.4\tC206.4,12.9,204.6,13.5,204.5,13.4z\"\/>\n\t<path class=\"elementor-shape-fill\" d=\"M201,10.6c0-0.1-4.4,1.2-6.3,2.2c-1.9,0.9-6.2,3.1-6.1,3.1c0.1,0.1,4.2-1.6,6.3-2.6\tS201,10.7,201,10.6z\"\/>\n\t<path class=\"elementor-shape-fill\" d=\"M154.5,26.7c-0.1-0.1-4.6,0.3-7.2,0c-7.3-0.7-17-3.2-16.6-2.9c0.4,0.3,13.7,3.1,17,3.3\tC152.6,27.5,154.6,26.8,154.5,26.7z\"\/>\n\t<path class=\"elementor-shape-fill\" d=\"M41.9,19.3c0,0,1.2-0.3,2.9-0.1c1.7,0.2,5.8,0.9,8.2,0.7c4.2-0.4,7.4-2.7,7-2.6\tc-0.4,0-4.3,2.2-8.6,1.9c-1.8-0.1-5.1-0.5-6.7-0.4S41.9,19.3,41.9,19.3z\"\/>\n\t<path class=\"elementor-shape-fill\" d=\"M75.5,12.6c0.2,0.1,2-0.8,4.3-1.1c2.3-0.2,2.1-0.3,2.1-0.5c0-0.1-1.8-0.4-3.4,0\tC76.9,11.5,75.3,12.5,75.5,12.6z\"\/>\n\t<path class=\"elementor-shape-fill\" d=\"M15.6,13.2c0-0.1,4.3,0,6.7,0.5c2.4,0.5,5,1.9,5,2c0,0.1-2.7-0.8-5.1-1.4\tC19.9,13.7,15.7,13.3,15.6,13.2z\"\/>\n<\/svg>\t\t<\/div>\n\t\t\t\t\t<div class=\"elementor-container elementor-column-gap-default\">\n\t\t\t\t\t<div class=\"elementor-column elementor-col-100 elementor-top-column elementor-element elementor-element-34ae75b\" data-id=\"34ae75b\" data-element_type=\"column\">\n\t\t\t<div class=\"elementor-widget-wrap elementor-element-populated\">\n\t\t\t\t\t\t<section class=\"elementor-section elementor-inner-section elementor-element elementor-element-6027785 elementor-section-full_width elementor-section-height-default elementor-section-height-default\" data-id=\"6027785\" data-element_type=\"section\">\n\t\t\t\t\t\t<div class=\"elementor-container elementor-column-gap-default\">\n\t\t\t\t\t<div class=\"elementor-column elementor-col-100 elementor-inner-column elementor-element elementor-element-152ea2a\" data-id=\"152ea2a\" data-element_type=\"column\">\n\t\t\t<div class=\"elementor-widget-wrap elementor-element-populated\">\n\t\t\t\t\t\t<div class=\"elementor-element elementor-element-dad77c0 elementor-widget elementor-widget-heading\" data-id=\"dad77c0\" data-element_type=\"widget\" data-widget_type=\"heading.default\">\n\t\t\t\t<div class=\"elementor-widget-container\">\n\t\t\t\t\t<h1 class=\"elementor-heading-title elementor-size-default\">Aviso legal<\/h1>\t\t\t\t<\/div>\n\t\t\t\t<\/div>\n\t\t\t\t\t<\/div>\n\t\t<\/div>\n\t\t\t\t\t<\/div>\n\t\t<\/section>\n\t\t\t\t\t<\/div>\n\t\t<\/div>\n\t\t\t\t\t<\/div>\n\t\t<\/section>\n\t\t<div class=\"elementor-element elementor-element-2b54dab e-flex e-con-boxed e-con e-parent\" data-id=\"2b54dab\" data-element_type=\"container\">\n\t\t\t\t\t<div class=\"e-con-inner\">\n\t\t\t\t<div class=\"elementor-element elementor-element-385331e elementor-widget elementor-widget-text-editor\" data-id=\"385331e\" data-element_type=\"widget\" data-widget_type=\"text-editor.default\">\n\t\t\t\t<div class=\"elementor-widget-container\">\n\t\t\t\t\t\t\t\t\t<ol><li aria-level=\"2\"><b><span data-contrast=\"none\"> Informaci\u00f3n general<\/span><\/b><\/li><\/ol><p>De conformidad con la legislaci\u00f3n marroqu\u00ed y con el fin de garantizar la transparencia frente a nuestros clientes y socios, el presente aviso legal se aplica al sitio web de la agencia de viajes The Moroccan Travel, accesible en la siguiente direcci\u00f3n: TheMoroccanTravel.com.<span data-ccp-props=\"{\"134233117\":false,\"134233118\":false,\"335551550\":6,\"335551620\":6,\"335559738\":240,\"335559739\":240}\"> <\/span><\/p><p aria-level=\"3\"><b><span data-contrast=\"none\">Editor del sitio web<\/span><\/b><span data-ccp-props=\"{\"134233117\":false,\"134233118\":false,\"134245418\":true,\"134245529\":true,\"335551550\":6,\"335551620\":6,\"335559738\":281,\"335559739\":281}\"> <\/span><\/p><ul><li aria-setsize=\"-1\" data-leveltext=\"\uf0b7\" data-font=\"Symbol\" data-listid=\"1\" data-list-defn-props=\"{\"335552541\":1,\"335559685\":720,\"335559991\":360,\"469769226\":\"Symbol\",\"469769242\":[8226],\"469777803\":\"left\",\"469777804\":\"\uf0b7\",\"469777815\":\"hybridMultilevel\"}\" data-aria-posinset=\"1\" data-aria-level=\"1\">Nombre de la agencia: The Moroccan Travel<span data-ccp-props=\"{\"134233117\":false,\"134233118\":false,\"335551550\":6,\"335551620\":6,\"335559738\":0,\"335559739\":0}\"> <\/span><\/li><\/ul><ul><li aria-setsize=\"-1\" data-leveltext=\"\uf0b7\" data-font=\"Symbol\" data-listid=\"1\" data-list-defn-props=\"{\"335552541\":1,\"335559685\":720,\"335559991\":360,\"469769226\":\"Symbol\",\"469769242\":[8226],\"469777803\":\"left\",\"469777804\":\"\uf0b7\",\"469777815\":\"hybridMultilevel\"}\" data-aria-posinset=\"2\" data-aria-level=\"1\">Sede social: Essada IMM 20, 1.\u00aa planta, APP n.\u00ba 6, Marrakech<span data-ccp-props=\"{\"134233117\":false,\"134233118\":false,\"335551550\":6,\"335551620\":6,\"335559738\":0,\"335559739\":0}\"> <\/span><\/li><\/ul><ul><li aria-setsize=\"-1\" data-leveltext=\"\uf0b7\" data-font=\"Symbol\" data-listid=\"1\" data-list-defn-props=\"{\"335552541\":1,\"335559685\":720,\"335559991\":360,\"469769226\":\"Symbol\",\"469769242\":[8226],\"469777803\":\"left\",\"469777804\":\"\uf0b7\",\"469777815\":\"hybridMultilevel\"}\" data-aria-posinset=\"3\" data-aria-level=\"1\">RC (Registro Mercantil): 142379<span data-ccp-props=\"{\"134233117\":false,\"134233118\":false,\"335551550\":6,\"335551620\":6,\"335559738\":0,\"335559739\":0}\"> <\/span><\/li><\/ul><ul><li aria-setsize=\"-1\" data-leveltext=\"\uf0b7\" data-font=\"Symbol\" data-listid=\"1\" data-list-defn-props=\"{\"335552541\":1,\"335559685\":720,\"335559991\":360,\"469769226\":\"Symbol\",\"469769242\":[8226],\"469777803\":\"left\",\"469777804\":\"\uf0b7\",\"469777815\":\"hybridMultilevel\"}\" data-aria-posinset=\"4\" data-aria-level=\"1\">Identificaci\u00f3n fiscal (IF): 60118811<span data-ccp-props=\"{\"134233117\":false,\"134233118\":false,\"335551550\":6,\"335551620\":6,\"335559738\":0,\"335559739\":0}\"> <\/span><\/li><\/ul><ul><li aria-setsize=\"-1\" data-leveltext=\"\uf0b7\" data-font=\"Symbol\" data-listid=\"1\" data-list-defn-props=\"{\"335552541\":1,\"335559685\":720,\"335559991\":360,\"469769226\":\"Symbol\",\"469769242\":[8226],\"469777803\":\"left\",\"469777804\":\"\uf0b7\",\"469777815\":\"hybridMultilevel\"}\" data-aria-posinset=\"5\" data-aria-level=\"1\">ICE (Identificador com\u00fan de la empresa): 003384412000017<span data-ccp-props=\"{\"134233117\":false,\"134233118\":false,\"335551550\":6,\"335551620\":6,\"335559738\":0,\"335559739\":0}\"> <\/span><\/li><\/ul><ul><li aria-setsize=\"-1\" data-leveltext=\"\uf0b7\" data-font=\"Symbol\" data-listid=\"1\" data-list-defn-props=\"{\"335552541\":1,\"335559685\":720,\"335559991\":360,\"469769226\":\"Symbol\",\"469769242\":[8226],\"469777803\":\"left\",\"469777804\":\"\uf0b7\",\"469777815\":\"hybridMultilevel\"}\" data-aria-posinset=\"6\" data-aria-level=\"1\">Correo electr\u00f3nico: <a href=\"mailto:Contact@themoroccantravel.com\">Contact@themoroccantravel.com<\/a><span data-ccp-props=\"{\"134233117\":false,\"134233118\":false,\"335551550\":6,\"335551620\":6,\"335559738\":0,\"335559739\":0}\"> <\/span><\/li><\/ul><ul><li aria-setsize=\"-1\" data-leveltext=\"\uf0b7\" data-font=\"Symbol\" data-listid=\"1\" data-list-defn-props=\"{\"335552541\":1,\"335559685\":720,\"335559991\":360,\"469769226\":\"Symbol\",\"469769242\":[8226],\"469777803\":\"left\",\"469777804\":\"\uf0b7\",\"469777815\":\"hybridMultilevel\"}\" data-aria-posinset=\"7\" data-aria-level=\"1\">Telefono: +212 704863464<span data-ccp-props=\"{\"134233117\":false,\"134233118\":false,\"335551550\":6,\"335551620\":6,\"335559738\":0,\"335559739\":0}\"> <\/span><\/li><\/ul><p><span data-ccp-props=\"{\"134233117\":false,\"134233118\":false,\"335551550\":6,\"335551620\":6}\"> <\/span><\/p><ol start=\"2\"><li aria-level=\"2\"><b><span data-contrast=\"none\"> Propiedad intelectual<\/span><\/b><\/li><\/ol><p><span data-contrast=\"none\">Tous les contenus pr\u00e9sents sur le site <\/span><b><span data-contrast=\"none\">TheMoroccanTravel.com<\/span><\/b><span data-contrast=\"none\">, incluant mais ne se limitant pas aux textes, images, logos, graphiques, vid\u00e9os et bases de donn\u00e9es, sont prot\u00e9g\u00e9s par les lois en vigueur au Maroc relatives \u00e0 la propri\u00e9t\u00e9 intellectuelle.<\/span><span data-ccp-props=\"{\"134233117\":false,\"134233118\":false,\"335551550\":6,\"335551620\":6,\"335559738\":240,\"335559739\":240}\"> <\/span><\/p><p>Queda terminantemente prohibida cualquier reproducci\u00f3n, modificaci\u00f3n, distribuci\u00f3n o utilizaci\u00f3n, incluso parcial, de estos contenidos sin la autorizaci\u00f3n previa por escrito de The Moroccan Travel, y podr\u00e1 dar lugar a acciones legales.<span data-ccp-props=\"{\"134233117\":false,\"134233118\":false,\"335551550\":6,\"335551620\":6,\"335559738\":240,\"335559739\":240}\"> <\/span><\/p><p><span data-ccp-props=\"{\"134233117\":false,\"134233118\":false,\"335551550\":6,\"335551620\":6}\"> <\/span><\/p><ol start=\"3\"><li aria-level=\"2\"><b><span data-contrast=\"none\"> Responsabilidades<\/span><\/b><\/li><\/ol><p>The Moroccan Travel se esfuerza por proporcionar informaci\u00f3n precisa y actualizada en su sitio web. Sin embargo, pueden producirse errores u omisiones.<span data-ccp-props=\"{\"134233117\":false,\"134233118\":false,\"335551550\":6,\"335551620\":6,\"335559738\":240,\"335559739\":240}\"> <\/span><\/p><ul><li aria-setsize=\"-1\" data-leveltext=\"\uf0b7\" data-font=\"Symbol\" data-listid=\"2\" data-list-defn-props=\"{\"335552541\":1,\"335559685\":720,\"335559991\":360,\"469769226\":\"Symbol\",\"469769242\":[8226],\"469777803\":\"left\",\"469777804\":\"\uf0b7\",\"469777815\":\"hybridMultilevel\"}\" data-aria-posinset=\"1\" data-aria-level=\"1\">Responsabilidad del editor:<span data-ccp-props=\"{\"134233117\":false,\"134233118\":false,\"335551550\":6,\"335551620\":6,\"335559738\":240,\"335559739\":240}\"> <\/span><\/li><\/ul><p><span data-contrast=\"none\">La agencia no se hace responsable de los da\u00f1os directos o indirectos relacionados con el uso de su sitio web o la imposibilidad de acceder al mismo.<\/span><span data-ccp-props=\"{\"134233117\":false,\"134233118\":false,\"335551550\":6,\"335551620\":6,\"335559738\":240,\"335559739\":240}\"> <\/span><\/p><ul><li aria-setsize=\"-1\" data-leveltext=\"\uf0b7\" data-font=\"Symbol\" data-listid=\"2\" data-list-defn-props=\"{\"335552541\":1,\"335559685\":720,\"335559991\":360,\"469769226\":\"Symbol\",\"469769242\":[8226],\"469777803\":\"left\",\"469777804\":\"\uf0b7\",\"469777815\":\"hybridMultilevel\"}\" data-aria-posinset=\"2\" data-aria-level=\"1\">Enlaces hipertextuales:<span data-ccp-props=\"{\"134233117\":false,\"134233118\":false,\"335551550\":6,\"335551620\":6,\"335559738\":240,\"335559739\":240}\"> <\/span><\/li><\/ul><p>El sitio web puede contener enlaces a sitios web de terceros. The Moroccan Travel no se hace responsable del contenido ni de las pr\u00e1cticas de dichos sitios web externos.<span data-ccp-props=\"{\"134233117\":false,\"134233118\":false,\"335551550\":6,\"335551620\":6,\"335559738\":240,\"335559739\":240}\"> <\/span><\/p><p><span data-ccp-props=\"{\"134233117\":false,\"134233118\":false,\"335551550\":6,\"335551620\":6}\"> <\/span><\/p><ol start=\"4\"><li aria-level=\"2\"><b><span data-contrast=\"none\"> Datos personales<\/span><\/b><\/li><\/ol><p><span data-contrast=\"none\">De conformidad con la ley marroqu\u00ed n.\u00ba 09-08 relativa a la protecci\u00f3n de datos personales, la informaci\u00f3n recopilada a trav\u00e9s de nuestro sitio web se utiliza \u00fanicamente para las necesidades de nuestros servicios (reservas, solicitudes de informaci\u00f3n, etc.).<\/span><span data-ccp-props=\"{\"134233117\":false,\"134233118\":false,\"335551550\":6,\"335551620\":6,\"335559738\":240,\"335559739\":240}\"> <\/span><\/p><ul><li aria-setsize=\"-1\" data-leveltext=\"\uf0b7\" data-font=\"Symbol\" data-listid=\"3\" data-list-defn-props=\"{\"335552541\":1,\"335559685\":720,\"335559991\":360,\"469769226\":\"Symbol\",\"469769242\":[8226],\"469777803\":\"left\",\"469777804\":\"\uf0b7\",\"469777815\":\"hybridMultilevel\"}\" data-aria-posinset=\"1\" data-aria-level=\"1\">Responsable del tratamiento de datos: The Moroccan Travel<span data-ccp-props=\"{\"134233117\":false,\"134233118\":false,\"335551550\":6,\"335551620\":6,\"335559738\":0,\"335559739\":0}\"> <\/span><\/li><\/ul><ul><li aria-setsize=\"-1\" data-leveltext=\"\uf0b7\" data-font=\"Symbol\" data-listid=\"3\" data-list-defn-props=\"{\"335552541\":1,\"335559685\":720,\"335559991\":360,\"469769226\":\"Symbol\",\"469769242\":[8226],\"469777803\":\"left\",\"469777804\":\"\uf0b7\",\"469777815\":\"hybridMultilevel\"}\" data-aria-posinset=\"2\" data-aria-level=\"1\">Finalidades: Gesti\u00f3n de reservas, env\u00edo de informaci\u00f3n comercial y mejora de nuestros servicios.<span data-ccp-props=\"{\"134233117\":false,\"134233118\":false,\"335551550\":6,\"335551620\":6,\"335559738\":0,\"335559739\":0}\"> <\/span><\/li><\/ul><ul><li aria-setsize=\"-1\" data-leveltext=\"\uf0b7\" data-font=\"Symbol\" data-listid=\"3\" data-list-defn-props=\"{\"335552541\":1,\"335559685\":720,\"335559991\":360,\"469769226\":\"Symbol\",\"469769242\":[8226],\"469777803\":\"left\",\"469777804\":\"\uf0b7\",\"469777815\":\"hybridMultilevel\"}\" data-aria-posinset=\"3\" data-aria-level=\"1\">Derecho de acceso, rectificaci\u00f3n y supresi\u00f3n:<span data-ccp-props=\"{\"134233117\":false,\"134233118\":false,\"335551550\":6,\"335551620\":6,\"335559738\":0,\"335559739\":0}\"> <\/span><\/li><\/ul><p>Usted tiene derecho a acceder, modificar o eliminar sus datos personales. Para ejercer este derecho, p\u00f3ngase en contacto con nosotros en la siguiente direcci\u00f3n: <a href=\"mailto:Contact@themoroccantravel.com\">Contact@themoroccantravel.com<\/a><span data-ccp-props=\"{\"134233117\":false,\"134233118\":false,\"335551550\":6,\"335551620\":6,\"335559738\":0,\"335559739\":0}\"> <\/span><\/p><ol start=\"5\"><li aria-level=\"2\"><b><span data-contrast=\"none\"> Cookies<\/span><\/b><\/li><\/ol><p><span data-contrast=\"none\">El sitio utiliza cookies para mejorar su experiencia de usuario y recopilar estad\u00edsticas an\u00f3nimas sobre las visitas.<\/span><span data-ccp-props=\"{\"134233117\":false,\"134233118\":false,\"335551550\":6,\"335551620\":6,\"335559738\":240,\"335559739\":240}\"> <\/span><\/p><ul><li aria-setsize=\"-1\" data-leveltext=\"\uf0b7\" data-font=\"Symbol\" data-listid=\"4\" data-list-defn-props=\"{\"335552541\":1,\"335559685\":720,\"335559991\":360,\"469769226\":\"Symbol\",\"469769242\":[8226],\"469777803\":\"left\",\"469777804\":\"\uf0b7\",\"469777815\":\"hybridMultilevel\"}\" data-aria-posinset=\"1\" data-aria-level=\"1\">Tipos de cookies utilizadas: Cookies necesarias, anal\u00edticas y publicitarias (si procede).<span data-ccp-props=\"{\"134233117\":false,\"134233118\":false,\"335551550\":6,\"335551620\":6,\"335559738\":0,\"335559739\":0}\"> <\/span><\/li><\/ul><ul><li aria-setsize=\"-1\" data-leveltext=\"\uf0b7\" data-font=\"Symbol\" data-listid=\"4\" data-list-defn-props=\"{\"335552541\":1,\"335559685\":720,\"335559991\":360,\"469769226\":\"Symbol\",\"469769242\":[8226],\"469777803\":\"left\",\"469777804\":\"\uf0b7\",\"469777815\":\"hybridMultilevel\"}\" data-aria-posinset=\"2\" data-aria-level=\"1\">Gesti\u00f3n de cookies: Puede configurar su navegador para rechazar o aceptar cookies.<span data-ccp-props=\"{\"134233117\":false,\"134233118\":false,\"335551550\":6,\"335551620\":6,\"335559738\":0,\"335559739\":0}\"> <\/span><\/li><\/ul><p>Para obtener m\u00e1s informaci\u00f3n, consulte nuestra pol\u00edtica de cookies.<span data-ccp-props=\"{\"134233117\":false,\"134233118\":false,\"335551550\":6,\"335551620\":6,\"335559738\":240,\"335559739\":240}\"> <\/span><\/p><p><span data-ccp-props=\"{\"134233117\":false,\"134233118\":false,\"335551550\":6,\"335551620\":6}\"> <\/span><\/p><p><b><span data-contrast=\"none\">Si tiene alguna pregunta o desea obtener m\u00e1s informaci\u00f3n, p\u00f3ngase en contacto con nosotros:<\/span><\/b><span data-ccp-props=\"{\"134233117\":false,\"134233118\":false,\"335551550\":6,\"335551620\":6,\"335559738\":240,\"335559739\":240}\"> <\/span><\/p><ul><li aria-setsize=\"-1\" data-leveltext=\"\uf0b7\" data-font=\"Symbol\" data-listid=\"5\" data-list-defn-props=\"{\"335552541\":1,\"335559685\":720,\"335559991\":360,\"469769226\":\"Symbol\",\"469769242\":[8226],\"469777803\":\"left\",\"469777804\":\"\uf0b7\",\"469777815\":\"hybridMultilevel\"}\" data-aria-posinset=\"1\" data-aria-level=\"1\">Correo electr\u00f3nico: <a href=\"mailto:Contact@themoroccantravel.com\">Contact@themoroccantravel.com<\/a><span data-ccp-props=\"{\"134233117\":false,\"134233118\":false,\"335551550\":6,\"335551620\":6,\"335559738\":0,\"335559739\":0}\"> <\/span><\/li><\/ul><ul><li aria-setsize=\"-1\" data-leveltext=\"\uf0b7\" data-font=\"Symbol\" data-listid=\"5\" data-list-defn-props=\"{\"335552541\":1,\"335559685\":720,\"335559991\":360,\"469769226\":\"Symbol\",\"469769242\":[8226],\"469777803\":\"left\",\"469777804\":\"\uf0b7\",\"469777815\":\"hybridMultilevel\"}\" data-aria-posinset=\"2\" data-aria-level=\"1\">Tel\u00e9fono: +212 704863464<span data-ccp-props=\"{\"134233117\":false,\"134233118\":false,\"335551550\":6,\"335551620\":6,\"335559738\":0,\"335559739\":0}\"> <\/span><\/li><\/ul>\t\t\t\t\t\t\t\t<\/div>\n\t\t\t\t<\/div>\n\t\t\t\t\t<\/div>\n\t\t\t\t<\/div>\n\t\t\t\t<\/div>\n\t\t","protected":false},"excerpt":{"rendered":"<p>Aviso legal Informaci\u00f3n general De conformidad con la legislaci\u00f3n marroqu\u00ed y con el fin de garantizar la transparencia frente a nuestros clientes y socios, el presente aviso legal se aplica al sitio web de la agencia de viajes The Moroccan Travel, accesible en la siguiente direcci\u00f3n: TheMoroccanTravel.com. Editor del sitio web Nombre de la agencia: [&hellip;]<\/p>\n","protected":false},"author":1,"featured_media":0,"parent":0,"menu_order":0,"comment_status":"closed","ping_status":"closed","template":"","meta":{"footnotes":""},"class_list":["post-12845","page","type-page","status-publish","hentry"],"_links":{"self":[{"href":"https:\/\/themoroccantravel.com\/es\/wp-json\/wp\/v2\/pages\/12845","targetHints":{"allow":["GET"]}}],"collection":[{"href":"https:\/\/themoroccantravel.com\/es\/wp-json\/wp\/v2\/pages"}],"about":[{"href":"https:\/\/themoroccantravel.com\/es\/wp-json\/wp\/v2\/types\/page"}],"author":[{"embeddable":true,"href":"https:\/\/themoroccantravel.com\/es\/wp-json\/wp\/v2\/users\/1"}],"replies":[{"embeddable":true,"href":"https:\/\/themoroccantravel.com\/es\/wp-json\/wp\/v2\/comments?post=12845"}],"version-history":[{"count":1,"href":"https:\/\/themoroccantravel.com\/es\/wp-json\/wp\/v2\/pages\/12845\/revisions"}],"predecessor-version":[{"id":12846,"href":"https:\/\/themoroccantravel.com\/es\/wp-json\/wp\/v2\/pages\/12845\/revisions\/12846"}],"wp:attachment":[{"href":"https:\/\/themoroccantravel.com\/es\/wp-json\/wp\/v2\/media?parent=12845"}],"curies":[{"name":"wp","href":"https:\/\/api.w.org\/{rel}","templated":true}]}}