{"id":16589,"date":"2026-03-25T11:41:28","date_gmt":"2026-03-25T11:41:28","guid":{"rendered":"https:\/\/themoroccantravel.com\/circuitos\/salida-desde-agafay\/"},"modified":"2026-04-14T17:06:11","modified_gmt":"2026-04-14T17:06:11","slug":"salida-desde-agafay","status":"publish","type":"page","link":"https:\/\/themoroccantravel.com\/es\/circuitos\/salida-desde-agafay\/","title":{"rendered":"Salida desde Agafay"},"content":{"rendered":"\t\t<div data-elementor-type=\"wp-page\" data-elementor-id=\"16589\" class=\"elementor elementor-16589 elementor-16563\" data-elementor-post-type=\"page\">\n\t\t\t\t\t\t<section class=\"elementor-section elementor-top-section elementor-element elementor-element-79f50fe elementor-section-boxed elementor-section-height-default elementor-section-height-default\" data-id=\"79f50fe\" data-element_type=\"section\" data-settings=\"{&quot;background_background&quot;:&quot;classic&quot;,&quot;shape_divider_bottom&quot;:&quot;wave-brush&quot;}\">\n\t\t\t\t\t\t\t<div class=\"elementor-background-overlay\"><\/div>\n\t\t\t\t\t\t<div class=\"elementor-shape elementor-shape-bottom\" aria-hidden=\"true\" data-negative=\"false\">\n\t\t\t<svg xmlns=\"http:\/\/www.w3.org\/2000\/svg\" viewBox=\"0 0 283.5 27.8\" preserveAspectRatio=\"none\">\n\t<path class=\"elementor-shape-fill\" d=\"M283.5,9.7c0,0-7.3,4.3-14,4.6c-6.8,0.3-12.6,0-20.9-1.5c-11.3-2-33.1-10.1-44.7-5.7\ts-12.1,4.6-18,7.4c-6.6,3.2-20,9.6-36.6,9.3C131.6,23.5,99.5,7.2,86.3,8c-1.4,0.1-6.6,0.8-10.5,2c-3.8,1.2-9.4,3.8-17,4.7\tc-3.2,0.4-8.3,1.1-14.2,0.9c-1.5-0.1-6.3-0.4-12-1.6c-5.7-1.2-11-3.1-15.8-3.7C6.5,9.2,0,10.8,0,10.8V0h283.5V9.7z M260.8,11.3\tc-0.7-1-2-0.4-4.3-0.4c-2.3,0-6.1-1.2-5.8-1.1c0.3,0.1,3.1,1.5,6,1.9C259.7,12.2,261.4,12.3,260.8,11.3z M242.4,8.6\tc0,0-2.4-0.2-5.6-0.9c-3.2-0.8-10.3-2.8-15.1-3.5c-8.2-1.1-15.8,0-15.1,0.1c0.8,0.1,9.6-0.6,17.6,1.1c3.3,0.7,9.3,2.2,12.4,2.7\tC239.9,8.7,242.4,8.6,242.4,8.6z M185.2,8.5c1.7-0.7-13.3,4.7-18.5,6.1c-2.1,0.6-6.2,1.6-10,2c-3.9,0.4-8.9,0.4-8.8,0.5\tc0,0.2,5.8,0.8,11.2,0c5.4-0.8,5.2-1.1,7.6-1.6C170.5,14.7,183.5,9.2,185.2,8.5z M199.1,6.9c0.2,0-0.8-0.4-4.8,1.1\tc-4,1.5-6.7,3.5-6.9,3.7c-0.2,0.1,3.5-1.8,6.6-3C197,7.5,199,6.9,199.1,6.9z M283,6c-0.1,0.1-1.9,1.1-4.8,2.5s-6.9,2.8-6.7,2.7\tc0.2,0,3.5-0.6,7.4-2.5C282.8,6.8,283.1,5.9,283,6z M31.3,11.6c0.1-0.2-1.9-0.2-4.5-1.2s-5.4-1.6-7.8-2C15,7.6,7.3,8.5,7.7,8.6\tC8,8.7,15.9,8.3,20.2,9.3c2.2,0.5,2.4,0.5,5.7,1.6S31.2,11.9,31.3,11.6z M73,9.2c0.4-0.1,3.5-1.6,8.4-2.6c4.9-1.1,8.9-0.5,8.9-0.8\tc0-0.3-1-0.9-6.2-0.3S72.6,9.3,73,9.2z M71.6,6.7C71.8,6.8,75,5.4,77.3,5c2.3-0.3,1.9-0.5,1.9-0.6c0-0.1-1.1-0.2-2.7,0.2\tC74.8,5.1,71.4,6.6,71.6,6.7z M93.6,4.4c0.1,0.2,3.5,0.8,5.6,1.8c2.1,1,1.8,0.6,1.9,0.5c0.1-0.1-0.8-0.8-2.4-1.3\tC97.1,4.8,93.5,4.2,93.6,4.4z M65.4,11.1c-0.1,0.3,0.3,0.5,1.9-0.2s2.6-1.3,2.2-1.2s-0.9,0.4-2.5,0.8C65.3,10.9,65.5,10.8,65.4,11.1\tz M34.5,12.4c-0.2,0,2.1,0.8,3.3,0.9c1.2,0.1,2,0.1,2-0.2c0-0.3-0.1-0.5-1.6-0.4C36.6,12.8,34.7,12.4,34.5,12.4z M152.2,21.1\tc-0.1,0.1-2.4-0.3-7.5-0.3c-5,0-13.6-2.4-17.2-3.5c-3.6-1.1,10,3.9,16.5,4.1C150.5,21.6,152.3,21,152.2,21.1z\"\/>\n\t<path class=\"elementor-shape-fill\" d=\"M269.6,18c-0.1-0.1-4.6,0.3-7.2,0c-7.3-0.7-17-3.2-16.6-2.9c0.4,0.3,13.7,3.1,17,3.3\tC267.7,18.8,269.7,18,269.6,18z\"\/>\n\t<path class=\"elementor-shape-fill\" d=\"M227.4,9.8c-0.2-0.1-4.5-1-9.5-1.2c-5-0.2-12.7,0.6-12.3,0.5c0.3-0.1,5.9-1.8,13.3-1.2\tS227.6,9.9,227.4,9.8z\"\/>\n\t<path class=\"elementor-shape-fill\" d=\"M204.5,13.4c-0.1-0.1,2-1,3.2-1.1c1.2-0.1,2,0,2,0.3c0,0.3-0.1,0.5-1.6,0.4\tC206.4,12.9,204.6,13.5,204.5,13.4z\"\/>\n\t<path class=\"elementor-shape-fill\" d=\"M201,10.6c0-0.1-4.4,1.2-6.3,2.2c-1.9,0.9-6.2,3.1-6.1,3.1c0.1,0.1,4.2-1.6,6.3-2.6\tS201,10.7,201,10.6z\"\/>\n\t<path class=\"elementor-shape-fill\" d=\"M154.5,26.7c-0.1-0.1-4.6,0.3-7.2,0c-7.3-0.7-17-3.2-16.6-2.9c0.4,0.3,13.7,3.1,17,3.3\tC152.6,27.5,154.6,26.8,154.5,26.7z\"\/>\n\t<path class=\"elementor-shape-fill\" d=\"M41.9,19.3c0,0,1.2-0.3,2.9-0.1c1.7,0.2,5.8,0.9,8.2,0.7c4.2-0.4,7.4-2.7,7-2.6\tc-0.4,0-4.3,2.2-8.6,1.9c-1.8-0.1-5.1-0.5-6.7-0.4S41.9,19.3,41.9,19.3z\"\/>\n\t<path class=\"elementor-shape-fill\" d=\"M75.5,12.6c0.2,0.1,2-0.8,4.3-1.1c2.3-0.2,2.1-0.3,2.1-0.5c0-0.1-1.8-0.4-3.4,0\tC76.9,11.5,75.3,12.5,75.5,12.6z\"\/>\n\t<path class=\"elementor-shape-fill\" d=\"M15.6,13.2c0-0.1,4.3,0,6.7,0.5c2.4,0.5,5,1.9,5,2c0,0.1-2.7-0.8-5.1-1.4\tC19.9,13.7,15.7,13.3,15.6,13.2z\"\/>\n<\/svg>\t\t<\/div>\n\t\t\t\t\t<div class=\"elementor-container elementor-column-gap-default\">\n\t\t\t\t\t<div class=\"elementor-column elementor-col-100 elementor-top-column elementor-element elementor-element-ec7222f\" data-id=\"ec7222f\" data-element_type=\"column\">\n\t\t\t<div class=\"elementor-widget-wrap elementor-element-populated\">\n\t\t\t\t\t\t<section class=\"elementor-section elementor-inner-section elementor-element elementor-element-c872337 elementor-section-full_width elementor-section-height-default elementor-section-height-default\" data-id=\"c872337\" data-element_type=\"section\">\n\t\t\t\t\t\t<div class=\"elementor-container elementor-column-gap-default\">\n\t\t\t\t\t<div class=\"elementor-column elementor-col-100 elementor-inner-column elementor-element elementor-element-5912962\" data-id=\"5912962\" data-element_type=\"column\">\n\t\t\t<div class=\"elementor-widget-wrap elementor-element-populated\">\n\t\t\t\t\t\t<div class=\"elementor-element elementor-element-58e30e4 elementor-widget elementor-widget-heading\" data-id=\"58e30e4\" data-element_type=\"widget\" data-widget_type=\"heading.default\">\n\t\t\t\t<div class=\"elementor-widget-container\">\n\t\t\t\t\t<h1 class=\"elementor-heading-title elementor-size-default\">Salida desde Agafay<\/h1>\t\t\t\t<\/div>\n\t\t\t\t<\/div>\n\t\t\t\t\t<\/div>\n\t\t<\/div>\n\t\t\t\t\t<\/div>\n\t\t<\/section>\n\t\t\t\t\t<\/div>\n\t\t<\/div>\n\t\t\t\t\t<\/div>\n\t\t<\/section>\n\t\t\t\t<section class=\"elementor-section elementor-top-section elementor-element elementor-element-8ba54a0 elementor-section-stretched elementor-section-full_width elementor-section-height-default elementor-section-height-default\" data-id=\"8ba54a0\" data-element_type=\"section\" data-settings=\"{&quot;stretch_section&quot;:&quot;section-stretched&quot;}\">\n\t\t\t\t\t\t\t<div class=\"elementor-background-overlay\"><\/div>\n\t\t\t\t\t\t\t<div class=\"elementor-container elementor-column-gap-default\">\n\t\t\t\t\t<div class=\"elementor-column elementor-col-100 elementor-top-column elementor-element elementor-element-f705693\" data-id=\"f705693\" data-element_type=\"column\">\n\t\t\t<div class=\"elementor-widget-wrap elementor-element-populated\">\n\t\t\t\t\t\t<div class=\"elementor-element elementor-element-6ba72c2 elementor-widget elementor-widget-heading\" data-id=\"6ba72c2\" data-element_type=\"widget\" data-widget_type=\"heading.default\">\n\t\t\t\t<div class=\"elementor-widget-container\">\n\t\t\t\t\t<h2 class=\"elementor-heading-title elementor-size-default\">Emb\u00e1rcate en una aventura con nuestros circuitos por Marruecos \n<\/h2>\t\t\t\t<\/div>\n\t\t\t\t<\/div>\n\t\t\t\t<div class=\"elementor-element elementor-element-d03e360 packages-desc elementor-widget elementor-widget-heading\" data-id=\"d03e360\" data-element_type=\"widget\" data-widget_type=\"heading.default\">\n\t\t\t\t<div class=\"elementor-widget-container\">\n\t\t\t\t\t<p class=\"elementor-heading-title elementor-size-default\">Disfrute al m\u00e1ximo de su estancia en Marruecos con The Moroccan Travel, especialista en circuitos de inmersi\u00f3n cultural. D\u00e9jese llevar por paisajes que le dejar\u00e1n sin aliento: las extensiones rocosas de Agafay, las majestuosas dunas del S\u00e1hara, las impresionantes monta\u00f1as del Atlas y las tradiciones aut\u00e9nticas que conforman la riqueza del Reino. <\/p>\t\t\t\t<\/div>\n\t\t\t\t<\/div>\n\t\t\t\t<section class=\"elementor-section elementor-inner-section elementor-element elementor-element-726800b elementor-section-full_width elementor-section-height-default elementor-section-height-default\" data-id=\"726800b\" data-element_type=\"section\">\n\t\t\t\t\t\t<div class=\"elementor-container elementor-column-gap-default\">\n\t\t\t\t\t<div class=\"elementor-column elementor-col-100 elementor-inner-column elementor-element elementor-element-9bbae5e\" data-id=\"9bbae5e\" data-element_type=\"column\">\n\t\t\t<div class=\"elementor-widget-wrap elementor-element-populated\">\n\t\t\t\t\t\t<div class=\"elementor-element elementor-element-85ec12a elementor-invisible elementor-widget elementor-widget-packages\" data-id=\"85ec12a\" data-element_type=\"widget\" data-settings=\"{&quot;_animation&quot;:&quot;fadeIn&quot;}\" data-widget_type=\"packages.default\">\n\t\t\t\t<div class=\"elementor-widget-container\">\n\t\t\t\t\t<div class=\"nd_travel_section nd_travel_masonry_content\">  \n<div id=\"nd_travel_elementor_packages_widget_l1_16627\" class=\"nd_travel_elementor_packages_widget_l1 nd_travel_masonry_item nd_travel_width_33_percentage nd_travel_padding_15 nd_travel_width_100_percentage_responsive\">\n\n    <div class=\"nd_travel_section nd_travel_background_color_fff\">\n\n      \n  <div class=\"nd_travel_section nd_travel_position_relative\">\n    \n    <a href=\"https:\/\/themoroccantravel.com\/es\/paquetes\/excursion-de-3-dias-desde-el-desierto-de-agafay-a-marrakech\/\"><img decoding=\"async\" alt=\"\" class=\"nd_travel_section nd_travel_postgrid_packages_single_package_img nd_travel_border_radius_top_15_important\" src=\"https:\/\/themoroccantravel.com\/wp-content\/uploads\/2025\/09\/9_1-1.webp\"><\/a>\n  <\/div>\n  \n\n      <div class=\"nd_travel_margin_top_50_negative nd_travel_section nd_travel_padding_30 nd_travel_bg_white nd_travel_box_shadow_0_0_30_0_0001 nd_travel_border_radius_bottom_15\">\n\n        \n        <!--info section-->          \n        <div class=\"nd_travel_box_shadow_0_0_15_0_0001 nd_travel_package_preview_info_section nd_travel_bg_white nd_travel_section nd_travel_padding_10_20 nd_travel_border_radius_5 nd_travel_margin_bottom_30 nd_travel_z_index_9 nd_travel_position_relative\">\n\n          <div class=\"nd_travel_float_left nd_travel_width_99_percentage\">\n            \n            <a class=\"nd_travel_color_6e6e6e\" href=\"https:\/\/themoroccantravel.com\/es\/paquetes\/excursion-de-3-dias-desde-el-desierto-de-agafay-a-marrakech\/\"><p class=\"nd_travel_font_size_12 nd_travel_margin_0 nd_travel_padding_0\">Duraci\u00f3n: 3 d\u00edas <\/p><\/a>\n\t\t\t\n\t\t\t<a class=\"nd_travel_color_6e6e6e\" href=\"https:\/\/themoroccantravel.com\/es\/paquetes\/excursion-de-3-dias-desde-el-desierto-de-agafay-a-marrakech\/\"><p class=\"nd_travel_font_size_12 nd_travel_margin_0 nd_travel_padding_0\">Salida desde: Agafay<\/p><\/a>\n\n      <a class=\"nd_travel_color_6e6e6e\" href=\"https:\/\/themoroccantravel.com\/es\/paquetes\/excursion-de-3-dias-desde-el-desierto-de-agafay-a-marrakech\/\"><p class=\"nd_travel_font_size_12 nd_travel_margin_0 nd_travel_padding_0\">Solo transporte<\/p><\/a>\n\t\t\t\n          <\/div>\n\n          <div class=\"nd_travel_float_left nd_travel_width_40_percentage\">\n\n            \n            \n            \n          <\/div>\n\n        <\/div>\n        <!--info section--> \n\n        \n\n        <!--title section-->\n        <a href=\"https:\/\/themoroccantravel.com\/es\/paquetes\/excursion-de-3-dias-desde-el-desierto-de-agafay-a-marrakech\/\"><h4 class=\"nd_travel_margin_0 nd_travel_padding_0\">Excursi\u00f3n de 3 d\u00edas desde el desierto de Agafay a Marrakech<\/h4><\/a>\n        \n    <div class=\"nd_travel_section nd_travel_margin_top_5\">\n      \n      <a class=\"nd_travel_color_6e6e6e text-left\" href=\"https:\/\/themoroccantravel.com\/destinations\/agafay\/\"><p class=\"nd_travel_margin_0 nd_travel_padding_0\">Agafay<\/p><\/a>\n    <\/div>\n        <!--title section-->\n        \n\n        \n        \n        \n\n        \n        <!--footer section-->\n        <div class=\"nd_travel_section\">\n\n            <div class=\"nd_travel_section nd_travel_width_50_percentage nd_travel_text_align_left nd_travel_padding_top_20 nd_travel_search_page_l3_button_content\">\n\n              <a class=\"nd_travel_color_white nd_travel_bg_red_hover nd_travel_padding_10_30 nd_travel_border_radius_5 nd_travel_font_size_14 nd_travel_font_weight_bold nd_travel_margin_top_15\" style=\"background-color: #65371f;\" href=\"https:\/\/themoroccantravel.com\/es\/paquetes\/excursion-de-3-dias-desde-el-desierto-de-agafay-a-marrakech\/\">Detalles<\/a>   \n\n            <\/div>\n\n            \n  <div class=\"nd_travel_section nd_travel_width_50_percentage nd_travel_text_align_right nd_travel_search_page_l3_price_content\">\n    <p class=\"nd_travel_margin_0 nd_travel_padding_0\">De<\/p>\n    <p class=\"nd_travel_margin_0 nd_travel_padding_0\"> 450 \u20ac \/ 1-7 prs<\/p>  \n  <\/div>\n\n        <\/div>\n        <!--footer section-->\n\n        \n\n      <\/div>\n    <\/div>    \n<\/div>  \n<div id=\"nd_travel_elementor_packages_widget_l1_16624\" class=\"nd_travel_elementor_packages_widget_l1 nd_travel_masonry_item nd_travel_width_33_percentage nd_travel_padding_15 nd_travel_width_100_percentage_responsive\">\n\n    <div class=\"nd_travel_section nd_travel_background_color_fff\">\n\n      \n  <div class=\"nd_travel_section nd_travel_position_relative\">\n    \n    <a href=\"https:\/\/themoroccantravel.com\/es\/paquetes\/excursion-de-5-dias-desde-el-desierto-de-agafay-a-marrakech\/\"><img decoding=\"async\" alt=\"\" class=\"nd_travel_section nd_travel_postgrid_packages_single_package_img nd_travel_border_radius_top_15_important\" src=\"https:\/\/themoroccantravel.com\/wp-content\/uploads\/2025\/12\/idee-desert-dAgafay-2.jpg\"><\/a>\n  <\/div>\n  \n\n      <div class=\"nd_travel_margin_top_50_negative nd_travel_section nd_travel_padding_30 nd_travel_bg_white nd_travel_box_shadow_0_0_30_0_0001 nd_travel_border_radius_bottom_15\">\n\n        \n        <!--info section-->          \n        <div class=\"nd_travel_box_shadow_0_0_15_0_0001 nd_travel_package_preview_info_section nd_travel_bg_white nd_travel_section nd_travel_padding_10_20 nd_travel_border_radius_5 nd_travel_margin_bottom_30 nd_travel_z_index_9 nd_travel_position_relative\">\n\n          <div class=\"nd_travel_float_left nd_travel_width_99_percentage\">\n            \n            <a class=\"nd_travel_color_6e6e6e\" href=\"https:\/\/themoroccantravel.com\/es\/paquetes\/excursion-de-5-dias-desde-el-desierto-de-agafay-a-marrakech\/\"><p class=\"nd_travel_font_size_12 nd_travel_margin_0 nd_travel_padding_0\">Duraci\u00f3n: 5 d\u00edas <\/p><\/a>\n\t\t\t\n\t\t\t<a class=\"nd_travel_color_6e6e6e\" href=\"https:\/\/themoroccantravel.com\/es\/paquetes\/excursion-de-5-dias-desde-el-desierto-de-agafay-a-marrakech\/\"><p class=\"nd_travel_font_size_12 nd_travel_margin_0 nd_travel_padding_0\">Salida desde: Agafay<\/p><\/a>\n\n      <a class=\"nd_travel_color_6e6e6e\" href=\"https:\/\/themoroccantravel.com\/es\/paquetes\/excursion-de-5-dias-desde-el-desierto-de-agafay-a-marrakech\/\"><p class=\"nd_travel_font_size_12 nd_travel_margin_0 nd_travel_padding_0\">Solo transporte<\/p><\/a>\n\t\t\t\n          <\/div>\n\n          <div class=\"nd_travel_float_left nd_travel_width_40_percentage\">\n\n            \n            \n            \n          <\/div>\n\n        <\/div>\n        <!--info section--> \n\n        \n\n        <!--title section-->\n        <a href=\"https:\/\/themoroccantravel.com\/es\/paquetes\/excursion-de-5-dias-desde-el-desierto-de-agafay-a-marrakech\/\"><h4 class=\"nd_travel_margin_0 nd_travel_padding_0\">Excursi\u00f3n de 5 d\u00edas desde el desierto de Agafay a Marrakech<\/h4><\/a>\n        \n    <div class=\"nd_travel_section nd_travel_margin_top_5\">\n      \n      <a class=\"nd_travel_color_6e6e6e text-left\" href=\"https:\/\/themoroccantravel.com\/destinations\/agafay\/\"><p class=\"nd_travel_margin_0 nd_travel_padding_0\">Agafay<\/p><\/a>\n    <\/div>\n        <!--title section-->\n        \n\n        \n        \n        \n\n        \n        <!--footer section-->\n        <div class=\"nd_travel_section\">\n\n            <div class=\"nd_travel_section nd_travel_width_50_percentage nd_travel_text_align_left nd_travel_padding_top_20 nd_travel_search_page_l3_button_content\">\n\n              <a class=\"nd_travel_color_white nd_travel_bg_red_hover nd_travel_padding_10_30 nd_travel_border_radius_5 nd_travel_font_size_14 nd_travel_font_weight_bold nd_travel_margin_top_15\" style=\"background-color: #65371f;\" href=\"https:\/\/themoroccantravel.com\/es\/paquetes\/excursion-de-5-dias-desde-el-desierto-de-agafay-a-marrakech\/\">Detalles<\/a>   \n\n            <\/div>\n\n            \n  <div class=\"nd_travel_section nd_travel_width_50_percentage nd_travel_text_align_right nd_travel_search_page_l3_price_content\">\n    <p class=\"nd_travel_margin_0 nd_travel_padding_0\">De<\/p>\n    <p class=\"nd_travel_margin_0 nd_travel_padding_0\"> 750 \u20ac \/ 1-7 prs<\/p>  \n  <\/div>\n\n        <\/div>\n        <!--footer section-->\n\n        \n\n      <\/div>\n    <\/div>    \n<\/div><\/div>\t\t\t\t<\/div>\n\t\t\t\t<\/div>\n\t\t\t\t\t<\/div>\n\t\t<\/div>\n\t\t\t\t\t<\/div>\n\t\t<\/section>\n\t\t\t\t\t<\/div>\n\t\t<\/div>\n\t\t\t\t\t<\/div>\n\t\t<\/section>\n\t\t\t\t<\/div>\n\t\t","protected":false},"excerpt":{"rendered":"<p>Salida desde Agafay Emb\u00e1rcate en una aventura con nuestros circuitos por Marruecos Disfrute al m\u00e1ximo de su estancia en Marruecos con The Moroccan Travel, especialista en circuitos de inmersi\u00f3n cultural. D\u00e9jese llevar por paisajes que le dejar\u00e1n sin aliento: las extensiones rocosas de Agafay, las majestuosas dunas del S\u00e1hara, las impresionantes monta\u00f1as del Atlas y [&hellip;]<\/p>\n","protected":false},"author":6,"featured_media":16588,"parent":12767,"menu_order":0,"comment_status":"closed","ping_status":"closed","template":"","meta":{"footnotes":""},"class_list":["post-16589","page","type-page","status-publish","has-post-thumbnail","hentry"],"_links":{"self":[{"href":"https:\/\/themoroccantravel.com\/es\/wp-json\/wp\/v2\/pages\/16589","targetHints":{"allow":["GET"]}}],"collection":[{"href":"https:\/\/themoroccantravel.com\/es\/wp-json\/wp\/v2\/pages"}],"about":[{"href":"https:\/\/themoroccantravel.com\/es\/wp-json\/wp\/v2\/types\/page"}],"author":[{"embeddable":true,"href":"https:\/\/themoroccantravel.com\/es\/wp-json\/wp\/v2\/users\/6"}],"replies":[{"embeddable":true,"href":"https:\/\/themoroccantravel.com\/es\/wp-json\/wp\/v2\/comments?post=16589"}],"version-history":[{"count":6,"href":"https:\/\/themoroccantravel.com\/es\/wp-json\/wp\/v2\/pages\/16589\/revisions"}],"predecessor-version":[{"id":16730,"href":"https:\/\/themoroccantravel.com\/es\/wp-json\/wp\/v2\/pages\/16589\/revisions\/16730"}],"up":[{"embeddable":true,"href":"https:\/\/themoroccantravel.com\/es\/wp-json\/wp\/v2\/pages\/12767"}],"wp:featuredmedia":[{"embeddable":true,"href":"https:\/\/themoroccantravel.com\/es\/wp-json\/wp\/v2\/media\/16588"}],"wp:attachment":[{"href":"https:\/\/themoroccantravel.com\/es\/wp-json\/wp\/v2\/media?parent=16589"}],"curies":[{"name":"wp","href":"https:\/\/api.w.org\/{rel}","templated":true}]}}